{"id":55,"date":"2025-10-23T14:05:18","date_gmt":"2025-10-23T14:05:18","guid":{"rendered":"http:\/\/habcskwvmx"},"modified":"2025-12-01T10:53:17","modified_gmt":"2025-12-01T10:53:17","slug":"filtro-ppc-certificado-une-agua-pura-y-saludable-para-tu-familia","status":"publish","type":"product","link":"https:\/\/naughty-brattain.82-223-71-39.plesk.page\/index.php\/product\/filtro-ppc-certificado-une-agua-pura-y-saludable-para-tu-familia\/","title":{"rendered":"Filtro PPC Certificado UNE: Agua Pura y Saludable para tu Familia"},"content":{"rendered":"<p>Mejora la calidad de tu sistema de \u00f3smosis inversa con el\u00a0<b><strong>Filtro PPC Certificado UNE<\/strong><\/b>, dise\u00f1ado para garantizar agua pura, segura y de excelente sabor en cada vaso. Este filtro de carb\u00f3n activado granulado elimina eficazmente el cloro, compuestos org\u00e1nicos y otros contaminantes que afectan el sabor y la calidad del agua.<\/p>\n<p>Ideal para quienes valoran la salud y el bienestar, el\u00a0<b><strong>Filtro PPC<\/strong><\/b>\u00a0es una pieza esencial para mantener el rendimiento \u00f3ptimo de tu sistema de \u00f3smosis inversa y asegurar agua saludable para toda tu familia.<\/p>\n<p><b><strong>\u00bfQu\u00e9 transforma este filtro en tu d\u00eda a d\u00eda?<\/strong><\/b><\/p>\n<ul>\n<li><b><strong>Agua limpia y saludable al instante:<\/strong><\/b>\u00a0Elimina hasta el\u00a0<b><strong>99% de impurezas<\/strong><\/b>, asegurando agua pura y segura para tu hogar.<\/li>\n<li><b><strong>Certificaci\u00f3n UNE:<\/strong><\/b>\u00a0Cumple con los est\u00e1ndares europeos de calidad, lo que garantiza su eficacia y confiabilidad.<\/li>\n<li><b><strong>F\u00e1cil instalaci\u00f3n y mantenimiento:<\/strong><\/b>\u00a0Dise\u00f1ado para que puedas reemplazarlo en minutos, sin complicaciones ni herramientas especiales.<\/li>\n<li><b><strong>Optimiza el rendimiento de tu sistema:<\/strong><\/b>\u00a0Mejora la eficiencia de tu \u00f3smosis inversa, prolongando la vida \u00fatil de los componentes y asegurando un suministro continuo de agua purificada.<\/li>\n<\/ul>\n<p><b><strong>Transforma tu hogar en un oasis de salud<\/strong><\/b><\/p>\n<p>Con el\u00a0<b><strong>Filtro PPC Certificado UNE<\/strong><\/b>, cada vaso de agua es una experiencia de pureza y frescura. Mant\u00e9n a tu familia hidratada con agua de calidad superior, libre de qu\u00edmicos y contaminantes, mientras contribuyes a un estilo de vida m\u00e1s sostenible.<\/p>\n<p>Elige calidad, seguridad y tranquilidad.\u00a0<b><strong>Compra ahora<\/strong><\/b>\u00a0y asegura la excelencia de tu sistema de \u00f3smosis inversa.<\/p>\n","protected":false},"excerpt":{"rendered":"<div class=\"product-item-caption-desc product-rte-description\">\n<p><strong>Disfruta de agua ilimitada para siempre por menos de 15 euros al mes si solicitas la financiaci\u00f3n por tel\u00e9fono cuando selecciones tu m\u00e9todo de pago.<br \/>\nLa financiaci\u00f3n directa online llega hasta 24 meses.<\/strong><\/p>\n<\/div>\n<div class=\"product-item-caption-desc product-rte-description\">\n<p>Agua pura y saludable al instante con nuestro sistema de \u00f3smosis inversa de flujo directo 800GPD. Ideal para familias activas y deportistas que buscan comodidad y bienestar sin cargar pesadas botellas. Instalaci\u00f3n incluida en toda Espa\u00f1a.<\/p>\n<\/div>\n","protected":false},"featured_media":257,"comment_status":"open","ping_status":"closed","template":"","meta":[],"product_brand":[],"product_cat":[26],"product_tag":[],"class_list":{"0":"post-55","1":"product","2":"type-product","3":"status-publish","4":"has-post-thumbnail","6":"product_cat-recambios","8":"first","9":"instock","10":"taxable","11":"shipping-taxable","12":"purchasable","13":"product-type-simple"},"_links":{"self":[{"href":"https:\/\/naughty-brattain.82-223-71-39.plesk.page\/index.php\/wp-json\/wp\/v2\/product\/55","targetHints":{"allow":["GET"]}}],"collection":[{"href":"https:\/\/naughty-brattain.82-223-71-39.plesk.page\/index.php\/wp-json\/wp\/v2\/product"}],"about":[{"href":"https:\/\/naughty-brattain.82-223-71-39.plesk.page\/index.php\/wp-json\/wp\/v2\/types\/product"}],"replies":[{"embeddable":true,"href":"https:\/\/naughty-brattain.82-223-71-39.plesk.page\/index.php\/wp-json\/wp\/v2\/comments?post=55"}],"wp:featuredmedia":[{"embeddable":true,"href":"https:\/\/naughty-brattain.82-223-71-39.plesk.page\/index.php\/wp-json\/wp\/v2\/media\/257"}],"wp:attachment":[{"href":"https:\/\/naughty-brattain.82-223-71-39.plesk.page\/index.php\/wp-json\/wp\/v2\/media?parent=55"}],"wp:term":[{"taxonomy":"product_brand","embeddable":true,"href":"https:\/\/naughty-brattain.82-223-71-39.plesk.page\/index.php\/wp-json\/wp\/v2\/product_brand?post=55"},{"taxonomy":"product_cat","embeddable":true,"href":"https:\/\/naughty-brattain.82-223-71-39.plesk.page\/index.php\/wp-json\/wp\/v2\/product_cat?post=55"},{"taxonomy":"product_tag","embeddable":true,"href":"https:\/\/naughty-brattain.82-223-71-39.plesk.page\/index.php\/wp-json\/wp\/v2\/product_tag?post=55"}],"curies":[{"name":"wp","href":"https:\/\/api.w.org\/{rel}","templated":true}]}}