{"id":254,"date":"2025-11-03T12:58:47","date_gmt":"2025-11-03T12:58:47","guid":{"rendered":"https:\/\/naughty-brattain.82-223-71-39.plesk.page\/?post_type=product&#038;p=254"},"modified":"2025-12-01T10:52:52","modified_gmt":"2025-12-01T10:52:52","slug":"garantia-de-3-anos","status":"publish","type":"product","link":"https:\/\/naughty-brattain.82-223-71-39.plesk.page\/index.php\/product\/garantia-de-3-anos\/","title":{"rendered":"Garant\u00eda de 3 a\u00f1os"},"content":{"rendered":"<p>Tendr\u00e1s la garant\u00eda de tu osmosis inversa de flujo directo a un total de 3 a\u00f1os, brind\u00e1ndote a\u00fan m\u00e1s tranquilidad y seguridad. Te aseguramos un respaldo completo durante un per\u00edodo de 3 a\u00f1os, permiti\u00e9ndote disfrutar de agua pura y confiable durante muchos a\u00f1os.<\/p>\n","protected":false},"excerpt":{"rendered":"<div class=\"product-item-caption-desc product-rte-description\">\n<p><strong>Disfruta de agua ilimitada para siempre por menos de 15 euros al mes si solicitas la financiaci\u00f3n por tel\u00e9fono cuando selecciones tu m\u00e9todo de pago.<br \/>\nLa financiaci\u00f3n directa online llega hasta 24 meses.<\/strong><\/p>\n<\/div>\n<div class=\"product-item-caption-desc product-rte-description\">\n<p>Agua pura y saludable al instante con nuestro sistema de \u00f3smosis inversa de flujo directo 800GPD. Ideal para familias activas y deportistas que buscan comodidad y bienestar sin cargar pesadas botellas. Instalaci\u00f3n incluida en toda Espa\u00f1a.<\/p>\n<\/div>\n","protected":false},"featured_media":108,"comment_status":"open","ping_status":"closed","template":"","meta":[],"product_brand":[],"product_cat":[27],"product_tag":[],"class_list":{"0":"post-254","1":"product","2":"type-product","3":"status-publish","4":"has-post-thumbnail","6":"product_cat-servicios","8":"first","9":"instock","10":"taxable","11":"shipping-taxable","12":"purchasable","13":"product-type-simple"},"_links":{"self":[{"href":"https:\/\/naughty-brattain.82-223-71-39.plesk.page\/index.php\/wp-json\/wp\/v2\/product\/254","targetHints":{"allow":["GET"]}}],"collection":[{"href":"https:\/\/naughty-brattain.82-223-71-39.plesk.page\/index.php\/wp-json\/wp\/v2\/product"}],"about":[{"href":"https:\/\/naughty-brattain.82-223-71-39.plesk.page\/index.php\/wp-json\/wp\/v2\/types\/product"}],"replies":[{"embeddable":true,"href":"https:\/\/naughty-brattain.82-223-71-39.plesk.page\/index.php\/wp-json\/wp\/v2\/comments?post=254"}],"wp:featuredmedia":[{"embeddable":true,"href":"https:\/\/naughty-brattain.82-223-71-39.plesk.page\/index.php\/wp-json\/wp\/v2\/media\/108"}],"wp:attachment":[{"href":"https:\/\/naughty-brattain.82-223-71-39.plesk.page\/index.php\/wp-json\/wp\/v2\/media?parent=254"}],"wp:term":[{"taxonomy":"product_brand","embeddable":true,"href":"https:\/\/naughty-brattain.82-223-71-39.plesk.page\/index.php\/wp-json\/wp\/v2\/product_brand?post=254"},{"taxonomy":"product_cat","embeddable":true,"href":"https:\/\/naughty-brattain.82-223-71-39.plesk.page\/index.php\/wp-json\/wp\/v2\/product_cat?post=254"},{"taxonomy":"product_tag","embeddable":true,"href":"https:\/\/naughty-brattain.82-223-71-39.plesk.page\/index.php\/wp-json\/wp\/v2\/product_tag?post=254"}],"curies":[{"name":"wp","href":"https:\/\/api.w.org\/{rel}","templated":true}]}}