{"id":352,"date":"2025-12-01T10:31:25","date_gmt":"2025-12-01T10:31:25","guid":{"rendered":"https:\/\/naughty-brattain.82-223-71-39.plesk.page\/?page_id=352"},"modified":"2025-12-18T16:01:24","modified_gmt":"2025-12-18T16:01:24","slug":"politica-de-envio","status":"publish","type":"page","link":"https:\/\/naughty-brattain.82-223-71-39.plesk.page\/index.php\/politica-de-envio\/","title":{"rendered":"Pol\u00edtica de env\u00edo"},"content":{"rendered":"\t\t<div data-elementor-type=\"wp-page\" data-elementor-id=\"352\" class=\"elementor elementor-352\" data-elementor-post-type=\"page\">\n\t\t\t\t<div class=\"elementor-element elementor-element-6f3de46 e-flex e-con-boxed e-con e-parent\" data-id=\"6f3de46\" data-element_type=\"container\">\n\t\t\t\t\t<div class=\"e-con-inner\">\n\t\t\t\t<div class=\"elementor-element elementor-element-76d4453 elementor-widget elementor-widget-heading\" data-id=\"76d4453\" data-element_type=\"widget\" data-widget_type=\"heading.default\">\n\t\t\t\t\t<h2 class=\"elementor-heading-title elementor-size-default\">Pol\u00edtica de env\u00edo<\/h2>\t\t\t\t<\/div>\n\t\t\t\t<div class=\"elementor-element elementor-element-4f56ddaa elementor-widget elementor-widget-text-editor\" data-id=\"4f56ddaa\" data-element_type=\"widget\" data-widget_type=\"text-editor.default\">\n\t\t\t\t\t\t\t\t\t<p><strong>3.2.\u00a0INFORMACI\u00d3N SOBRE EL ENV\u00cdO<br \/><br \/><\/strong>El plazo de entrega de cualquier modalidad\/destino de env\u00edo empieza a contar desde el primer d\u00eda laborable\/h\u00e1bil en que se realiza la compra, y siempre que se realice antes de las 14:00h. Si la compra se realizada despu\u00e9s de las 14:00h el tiempo de entrega empezar\u00e1 a contar desde el siguiente d\u00eda h\u00e1bil (no incluye festivos o fin de semana).\u00a0<br \/><br \/>Las fechas de entrega son las m\u00e1s ajustadas a la realidad en caso de funcionamiento normal y habitual de env\u00edos y log\u00edstica. Los env\u00edos son susceptibles de verse alterados ligeramente seg\u00fan meteorolog\u00eda y\/o problemas de transporte ajenos o no a Sizen.\u00a0<br \/><strong><br \/><br \/><\/strong><strong>Espa\u00f1a (Pen\u00ednsula)<\/strong>:<\/p>\n<p>-Env\u00edo gratis:\u00a0<br \/>Precio: 0\u20ac<br \/>Tiempo de entrega: 48-72h laborables\/h\u00e1biles<br \/>Excepci\u00f3n: V\u00e1lido para compras superiores a 49\u20ac\u00a0<br \/><br \/>-Env\u00edo compras inferiores a 49\u20ac:<br \/>Precio: 4,99\u20ac<br \/>Tiempo de entrega: 24h-48h laborables\/h\u00e1biles<br \/><br \/>-Env\u00edo Express 24h<br \/>Precio: 4,99\u20ac<br \/>Tiempo de entrega: 24h laborables\/h\u00e1biles<br \/><br \/><br \/><strong>Islas Canarias, Ceuta y Melilla:<br \/><br \/><\/strong>-Env\u00edo est\u00e1ndar\u00a0<br \/>Precio: 19,99\u20ac<br \/>Tiempo de entrega: 7-15 d\u00edas laborables\/h\u00e1biles<\/p>\n<p>-Islas Menores (Canarias)<br \/>Precio: 35,99\u20ac<br \/>Tiempo de entrega: 7-15 d\u00edas laborables\/h\u00e1biles<br \/>Obligatorio seleccionar esta opci\u00f3n si es el destino de la compra; de lo contrario se cancelar\u00e1 el pedido.<\/p>\n<p>-Env\u00edo expr\u00e9s (2-5 d\u00edas)<br \/>Precio: 59,99\u20ac<br \/>Tiempo de entrega: 2-5 d\u00edas laborables\/h\u00e1biles<br \/><br \/><\/p>\n<p><strong>Portugal (Pen\u00ednsula):<\/strong><\/p>\n<p>-Env\u00edo est\u00e1ndar gratuito compras superiores 49\u20ac:<br \/>Precio: 0\u20ac<br \/>Tiempo de entrega: 24-48h laborables\/h\u00e1biles<br \/><br \/>-Env\u00edo compras inferiores a 49\u20ac:<br \/>Precio: 4,99\u20ac<br \/>Tiempo de entrega: 24-48h laborables\/h\u00e1biles<\/p>\n<p><strong>Portugal (Islas):<br \/><br \/><\/strong>-Env\u00edo est\u00e1ndar\u00a0<br \/>Precio: 109\u20ac<br \/>Tiempo de entrega: 3-15 d\u00edas laborables\/h\u00e1biles<br \/><br \/><\/p>\n<p><strong>Francia, Alemania, Italia (no incluye islas)<\/strong><\/p>\n<p>-Env\u00edo est\u00e1ndar gratuito compras superiores 49\u20ac<br \/>Precio: 0\u20ac<br \/>Tiempo de entrega: 3-5 d\u00edas laborables\/h\u00e1biles\u00a0<br \/><br \/>-Env\u00edo compras inferiores a 49\u20ac:<br \/>Precio: 9,99\u20ac<br \/>Tiempo de entrega: 3-5 d\u00edas laborables\/h\u00e1biles<\/p>\t\t\t\t\t\t\t\t<\/div>\n\t\t\t\t\t<\/div>\n\t\t\t\t<\/div>\n\t\t\t\t<\/div>\n\t\t","protected":false},"excerpt":{"rendered":"<p>Pol\u00edtica de env\u00edo 3.2.\u00a0INFORMACI\u00d3N SOBRE EL ENV\u00cdO El plazo de entrega de cualquier modalidad\/destino de env\u00edo empieza a contar desde el primer d\u00eda laborable\/h\u00e1bil en que se realiza la compra, y siempre que se realice antes de las 14:00h. Si la compra se realizada despu\u00e9s de las 14:00h el tiempo de entrega empezar\u00e1 a contar [&hellip;]<\/p>\n","protected":false},"author":1,"featured_media":0,"parent":0,"menu_order":0,"comment_status":"closed","ping_status":"closed","template":"","meta":{"footnotes":""},"class_list":["post-352","page","type-page","status-publish","hentry"],"_links":{"self":[{"href":"https:\/\/naughty-brattain.82-223-71-39.plesk.page\/index.php\/wp-json\/wp\/v2\/pages\/352","targetHints":{"allow":["GET"]}}],"collection":[{"href":"https:\/\/naughty-brattain.82-223-71-39.plesk.page\/index.php\/wp-json\/wp\/v2\/pages"}],"about":[{"href":"https:\/\/naughty-brattain.82-223-71-39.plesk.page\/index.php\/wp-json\/wp\/v2\/types\/page"}],"author":[{"embeddable":true,"href":"https:\/\/naughty-brattain.82-223-71-39.plesk.page\/index.php\/wp-json\/wp\/v2\/users\/1"}],"replies":[{"embeddable":true,"href":"https:\/\/naughty-brattain.82-223-71-39.plesk.page\/index.php\/wp-json\/wp\/v2\/comments?post=352"}],"version-history":[{"count":7,"href":"https:\/\/naughty-brattain.82-223-71-39.plesk.page\/index.php\/wp-json\/wp\/v2\/pages\/352\/revisions"}],"predecessor-version":[{"id":481,"href":"https:\/\/naughty-brattain.82-223-71-39.plesk.page\/index.php\/wp-json\/wp\/v2\/pages\/352\/revisions\/481"}],"wp:attachment":[{"href":"https:\/\/naughty-brattain.82-223-71-39.plesk.page\/index.php\/wp-json\/wp\/v2\/media?parent=352"}],"curies":[{"name":"wp","href":"https:\/\/api.w.org\/{rel}","templated":true}]}}