{"id":342,"date":"2025-12-01T10:30:02","date_gmt":"2025-12-01T10:30:02","guid":{"rendered":"https:\/\/naughty-brattain.82-223-71-39.plesk.page\/?page_id=342"},"modified":"2025-12-01T10:30:46","modified_gmt":"2025-12-01T10:30:46","slug":"informacion-de-contacto","status":"publish","type":"page","link":"https:\/\/naughty-brattain.82-223-71-39.plesk.page\/index.php\/informacion-de-contacto\/","title":{"rendered":"Informaci\u00f3n de contacto"},"content":{"rendered":"\t\t<div data-elementor-type=\"wp-page\" data-elementor-id=\"342\" class=\"elementor elementor-342\" data-elementor-post-type=\"page\">\n\t\t\t\t<div class=\"elementor-element elementor-element-66a1388f e-flex e-con-boxed e-con e-parent\" data-id=\"66a1388f\" data-element_type=\"container\">\n\t\t\t\t\t<div class=\"e-con-inner\">\n\t\t\t\t<div class=\"elementor-element elementor-element-e6cd59b elementor-widget elementor-widget-heading\" data-id=\"e6cd59b\" data-element_type=\"widget\" data-widget_type=\"heading.default\">\n\t\t\t\t\t<h2 class=\"elementor-heading-title elementor-size-default\">Informaci\u00f3n de contacto<\/h2>\t\t\t\t<\/div>\n\t\t\t\t<div class=\"elementor-element elementor-element-686f961 elementor-widget elementor-widget-text-editor\" data-id=\"686f961\" data-element_type=\"widget\" data-widget_type=\"text-editor.default\">\n\t\t\t\t\t\t\t\t\t\n<p><strong>Awaclub<\/strong>&nbsp;se compromete a proporcionar la mejor experiencia con nuestro sistema de osmosis inversa de flujo directo. Si tienes preguntas sobre nuestro producto, necesitas asistencia t\u00e9cnica o deseas hacer un pedido, no dudes en contactarnos. Estamos aqu\u00ed para ayudarte.<\/p>\n\n\n\n<p><strong>Direcci\u00f3n Corporativa:<\/strong>&nbsp;Blooconcept S.L. Pol\u00edgono Industrial La Ferreria, C\/ de l&#8217;Electr\u00f2nica 5, 08110 Montcada i Reixac, Barcelona (Espa\u00f1a).<\/p>\n\n\n\n<p><strong>Tel\u00e9fono:<\/strong>&nbsp;+34 634 328 103<\/p>\n\n\n\n<p><strong>Correo Electr\u00f3nico:<\/strong>&nbsp;<a>info@awaclub.es<\/a><\/p>\n\n\n\n<p><strong>Horario de Atenci\u00f3n:<\/strong>&nbsp;Lunes a Viernes: 9:00h a 16:00h<\/p>\n\n\n\n<p><strong>Sitio Web:<\/strong>&nbsp;<a href=\"http:\/\/www.awaclubsystems.es\/\" target=\"_blank\" rel=\"noopener\">www.awaclub.es<\/a><\/p>\n\n\n\n<p><strong>Soporte T\u00e9cnico:<\/strong>&nbsp;Para soporte t\u00e9cnico, por favor contacta a trav\u00e9s de:&nbsp;<a>info@awaclub.es<\/a>&nbsp;o llama al +34 634 328 103 durante nuestro horario de atenci\u00f3n.<\/p>\n\n\n\n<p><strong>Redes Sociales:<\/strong><\/p>\n\n\n\n<ul class=\"wp-block-list\">\n<li>Facebook:\u00a0<a href=\"http:\/\/facebook.com\/awaclubsystems\" target=\"_blank\" rel=\"noopener\">facebook.com\/awaclubes<\/a><\/li>\n\n\n\n<li>Tik Tok:\u00a0<a href=\"http:\/\/twitter.com\/AwaclubSystems\" target=\"_blank\" rel=\"noopener\">@Awaclubes<\/a><\/li>\n\n\n\n<li>Instagram:\u00a0<a href=\"http:\/\/instagram.com\/awaclubsystems\" target=\"_blank\" rel=\"noopener\">@awaclub_es<\/a><\/li>\n<\/ul>\n\n\n\n<p>Para consultas generales o m\u00e1s informaci\u00f3n sobre nuestros productos y servicios, por favor rellena el formulario de contacto en nuestra p\u00e1gina web o env\u00edanos un correo electr\u00f3nico. Nos esforzamos por responder a todas las consultas dentro de las 24 horas h\u00e1biles.<\/p>\n\t\t\t\t\t\t\t\t<\/div>\n\t\t\t\t\t<\/div>\n\t\t\t\t<\/div>\n\t\t\t\t<\/div>\n\t\t","protected":false},"excerpt":{"rendered":"<p>Informaci\u00f3n de contacto Awaclub&nbsp;se compromete a proporcionar la mejor experiencia con nuestro sistema de osmosis inversa de flujo directo. Si tienes preguntas sobre nuestro producto, necesitas asistencia t\u00e9cnica o deseas hacer un pedido, no dudes en contactarnos. Estamos aqu\u00ed para ayudarte. Direcci\u00f3n Corporativa:&nbsp;Blooconcept S.L. Pol\u00edgono Industrial La Ferreria, C\/ de l&#8217;Electr\u00f2nica 5, 08110 Montcada i [&hellip;]<\/p>\n","protected":false},"author":1,"featured_media":0,"parent":0,"menu_order":0,"comment_status":"closed","ping_status":"closed","template":"","meta":{"footnotes":""},"class_list":["post-342","page","type-page","status-publish","hentry"],"_links":{"self":[{"href":"https:\/\/naughty-brattain.82-223-71-39.plesk.page\/index.php\/wp-json\/wp\/v2\/pages\/342","targetHints":{"allow":["GET"]}}],"collection":[{"href":"https:\/\/naughty-brattain.82-223-71-39.plesk.page\/index.php\/wp-json\/wp\/v2\/pages"}],"about":[{"href":"https:\/\/naughty-brattain.82-223-71-39.plesk.page\/index.php\/wp-json\/wp\/v2\/types\/page"}],"author":[{"embeddable":true,"href":"https:\/\/naughty-brattain.82-223-71-39.plesk.page\/index.php\/wp-json\/wp\/v2\/users\/1"}],"replies":[{"embeddable":true,"href":"https:\/\/naughty-brattain.82-223-71-39.plesk.page\/index.php\/wp-json\/wp\/v2\/comments?post=342"}],"version-history":[{"count":4,"href":"https:\/\/naughty-brattain.82-223-71-39.plesk.page\/index.php\/wp-json\/wp\/v2\/pages\/342\/revisions"}],"predecessor-version":[{"id":348,"href":"https:\/\/naughty-brattain.82-223-71-39.plesk.page\/index.php\/wp-json\/wp\/v2\/pages\/342\/revisions\/348"}],"wp:attachment":[{"href":"https:\/\/naughty-brattain.82-223-71-39.plesk.page\/index.php\/wp-json\/wp\/v2\/media?parent=342"}],"curies":[{"name":"wp","href":"https:\/\/api.w.org\/{rel}","templated":true}]}}